{"id":14,"date":"2019-02-12T20:17:30","date_gmt":"2019-02-12T20:17:30","guid":{"rendered":"http:\/\/clapat.ro\/themes\/satelite-wordpress\/?page_id=14"},"modified":"2022-07-01T19:12:50","modified_gmt":"2022-07-01T19:12:50","slug":"about","status":"publish","type":"page","link":"https:\/\/panchoromero.com\/en\/about\/","title":{"rendered":"About Me"},"content":{"rendered":"<div class=\"wp-block-satelite-gutenberg-container small row_padding_top row_padding_bottom\" style=\"background-color:transparent;text-align:left\">\n<p>I SEEK TO CREATE COMFORTABILITY, ELEGANT AND TIMELESS INTERIORS, WITH THE CLIENT AS PART OF THE TEAM. \nPROFESSIONAL DEVELOPMENT: \nACADEMIC QUALIFICATIONS: TECNICAL ARCHITECT (IADE). \nMY CAREER AS AN INTERIOR DESIGNER BEGAN IN 2000, I HAVE COLLABORATED WITH SEVERAL WELL-KNOWN INTERIOR DESIGN STUDIOS IN MADRID, SPAIN, SINCE THEN OVER 30 PROJECTS CAN ATTEST TO MY WORK, EVEN OVERSEAS AS MEXICO. FOCUSING ABOVE ALL ON THE SPHERE OF PRIVATE RESIDENCES. ALSO WORKS AS AN ART DEALER, ANTIQUES AND SPECIAL PIECES SEARCHER FOR EACH CLIENT AND PROYECT. \nINFLUENCES, STYLE: \nWITH ELECTIC SELECTIONS, DRAWING ON THE GREAT DECORATORS OF THE 20TH CENTURY, I TAKE AS MY REFERENCE A TASTE FOR SIMPLE, UNSTRIDENT LUXURY, NATURAL, BESPOKE AND VERY PERSONALISED. \nMY WORK PLACES AS MUCH EMPHASIS ON ARCHITECTURE AND SPACE AS ON REFINEMENT, AND A LOVE FOR NOBLE MATERIALS AND UNIQUE OBJECTS. ETHIC: DEVELOPMENT THROUGH A PHILOSOPHY OF PERSONALISED SERVICE, TAILORED TO EACH CLIENT. WITHIN DIRECT COLLABORATION. \nTHE WORK IN ALL MY PROJECTS BEGINS WITH STRUCTURE, THE ARCHITECTONIC BASE AND COMFORT. \nI GIVE SPECIAL IMPORTANCE TO THE BALANCE BETWEEN PIECES AND CONTENT, CIRCULATION, EMPTY SPACE, AND THE USE OF LIGHT. \nTAKING AS A BASE A GENERALLY RATIONAL PLAN, IT IS FOLLOWED BY A VERY CAREFUL CHOICE OF MATERIALS AND OF THE DESIGN OF EACH ELEMENT, TREATING THEM AS A WHOLE.<\/p>\n<\/div>\n\n\n\n<div class=\"wp-block-columns is-layout-flex wp-container-core-columns-is-layout-9d6595d7 wp-block-columns-is-layout-flex\">\n<div class=\"wp-block-column is-layout-flow wp-block-column-is-layout-flow\" style=\"flex-basis:50%\">\n<div class=\"wp-block-columns is-layout-flex wp-container-core-columns-is-layout-9d6595d7 wp-block-columns-is-layout-flex\">\n<div class=\"wp-block-column is-layout-flow wp-block-column-is-layout-flow\" style=\"flex-basis:100%\">\n<div class=\"wp-block-satelite-gutenberg-container\" style=\"background-color:transparent;text-align:left\">\n<p>DURING THE ELABORATION OF A RENOVATION PROJECT IF THE ALREADY EXISTING IS INTERESTING, IT IS ALWAYS TAKEN INTO ACCOUNT AND RESPECTED; ARCHITECTURAL PERIOD, TYPE OF CONSTRUCTION, MATERIALS, ETC. ARE CONSIDERED IN ORDER TO CONTINUE ALONG THE SAME LINES. IN GENERAL, ALL PROJECTS EMPLOY NATURAL MATERIALS, RESPECTING THEIR DIFFERENT CHARACTERISTICS, ADDING THE USE OR REUSE OF OLDER ELEMENTS, SUCH AS PARQUETRY, WOODEN FLOORING, CORNICES, ETC.<\/p>\n\n\n\n<p><strong>METHOD:\nCONCEPTION OF THE PROJECT <\/strong><\/p>\n\n\n\n<p><br>\u2022 VISIT TO THE SPACE AND INTERVIEW WITH CLIENT.<br>\u2022 ANALYSIS OF CONCEPT, OBJECTIVES, LIMITATIONS.<br>\u2022 DETAILED EXTRACT OF THE ALREADY EXISTING.<br>\u2022 PROJECT PLAN<br>\u2022 SKETCH AND DRAFT<br>\u2022 BUDGET ESTIMATE<br>\u2022 DESCRIPTION OF CRAFTS IN SECTIONS FOR BUILDING DETAILS: CARPENTRY, ELECTRICAL, MASONRY, PLUMBING, MARBLE WORKS, PAINTING...<br>\u2022 DETAILED PROJECTION OF THE WORK REQUIRED TO BE DONE BY THE FIRM UNDERTAKING THE BUILDING.<\/p>\n<\/div>\n<\/div>\n<\/div>\n<\/div>\n\n\n\n<div class=\"wp-block-column is-layout-flow wp-block-column-is-layout-flow\" style=\"flex-basis:50%\">\n<p><strong>PROJECT FOLLOW-UP. O IN ORDER TO GUARANTEE THE MATERIALISATION OF EXACTLY WHAT HAS BEEN PROJECTED AND PACTED<\/strong><\/p>\n\n\n\n<p>DECORATION PHASE<\/br>\n\n\u2022 THIS ACTIVITY CONSISTS IN PROPOSING TO THE CLIENT WHICH PIECES WILL BE USED FOR FURNISHING AND THE FINAL FINISHES OF THE PROJECT.<\/p>\n\n\n\n<p>\u2022 DIFFERENT SELECTIONS TAILORED TO THE SPIRIT OF EACH PROJECT ARE PROPOSED.<br>\u2022 THE DOSSIER CAN ALSO BE COMPOSED FROM SOME ELEMENTS APORTED BY THE CLIENT.<br>\u2022 IN GENERAL, THE SELECTION CONSISTS OF: THE CHOICE OF FURNITURE (TO MEASURE, VINTAGE, ANTIQUE OR NEW EDITIONS), RANGE OF FABRICS (FOR CURTAINS, SEAT COVERINGS, CUSHIONS, ETC), PAINT, WALLPAPERS, LIGHTING (SELECTION OF LAMPS, LIGHTING FIXTURES, ETC.), CARPETS, EXCLUSIVELY DECORATIVE OBJECTS AND ART WORKS. <br>\u2022 OUR EXTENSIVE EXPERIENCE IN THE SELECTION AND PURCHASE OF ANTIQUES SHOULD ALSO BE NOTED.<br>\u2022 THE SELECTION PROCESS IS ALWAYS CARRIED OUT BY BEGINNING WITH WORKS OF REFERENCE, CATALOGUES AND DOCUMENTATION OF SAMPLES AND FABRICS.<br>\u2022 AN EXHAUSTIVE SELECTION OF MATERIALS AND OBJECTS IS ADJUSTED TO THE BUDGET OF EACH CLIENT.<\/p>\n<\/div>\n<\/div>\n\n\n\n<div class=\"wp-block-satelite-gutenberg-container\" style=\"background-color:transparent;text-align:left\"><div class=\"wp-block-image is-style-default\">\n<figure class=\"aligncenter size-full\"><img loading=\"lazy\" decoding=\"async\" width=\"537\" height=\"851\" src=\"http:\/\/173.247.244.122\/~proyectoarq\/wp-content\/uploads\/2022\/05\/WhatsApp-Image-2022-05-21-at-11.14.45-AM.jpeg\" alt=\"\" class=\"wp-image-364\" srcset=\"https:\/\/panchoromero.com\/wp-content\/uploads\/2022\/05\/WhatsApp-Image-2022-05-21-at-11.14.45-AM.jpeg 537w, https:\/\/panchoromero.com\/wp-content\/uploads\/2022\/05\/WhatsApp-Image-2022-05-21-at-11.14.45-AM-189x300.jpeg 189w\" sizes=\"auto, (max-width: 537px) 100vw, 537px\" \/><\/figure>\n<\/div><\/div>","protected":false},"excerpt":{"rendered":"<p>Seguimiento de obra Garant\u00eda exacta de la realizaci\u00f3n de lo proyectado y pactado Fase de decoraci\u00f3n \u2022 Esta actividad consiste en proponer a los clientes que piezas utilizar para el amueblamiento y acabado final del proyecto \u2022 Se propone distintas selecciones ajustadas al esp\u00edritu de cada obra\u2022 El dossier puede ser igualmente realizado a partir [&hellip;]<\/p>","protected":false},"author":1,"featured_media":0,"parent":0,"menu_order":0,"comment_status":"closed","ping_status":"closed","template":"","meta":{"footnotes":""},"class_list":["post-14","page","type-page","status-publish","hentry"],"_links":{"self":[{"href":"https:\/\/panchoromero.com\/en\/wp-json\/wp\/v2\/pages\/14","targetHints":{"allow":["GET"]}}],"collection":[{"href":"https:\/\/panchoromero.com\/en\/wp-json\/wp\/v2\/pages"}],"about":[{"href":"https:\/\/panchoromero.com\/en\/wp-json\/wp\/v2\/types\/page"}],"author":[{"embeddable":true,"href":"https:\/\/panchoromero.com\/en\/wp-json\/wp\/v2\/users\/1"}],"replies":[{"embeddable":true,"href":"https:\/\/panchoromero.com\/en\/wp-json\/wp\/v2\/comments?post=14"}],"version-history":[{"count":12,"href":"https:\/\/panchoromero.com\/en\/wp-json\/wp\/v2\/pages\/14\/revisions"}],"predecessor-version":[{"id":460,"href":"https:\/\/panchoromero.com\/en\/wp-json\/wp\/v2\/pages\/14\/revisions\/460"}],"wp:attachment":[{"href":"https:\/\/panchoromero.com\/en\/wp-json\/wp\/v2\/media?parent=14"}],"curies":[{"name":"wp","href":"https:\/\/api.w.org\/{rel}","templated":true}]}}